{"id":10663,"date":"2024-03-06T07:52:17","date_gmt":"2024-03-06T05:52:17","guid":{"rendered":"https:\/\/inlean.fi\/contact-us\/"},"modified":"2025-08-29T16:17:29","modified_gmt":"2025-08-29T13:17:29","slug":"contact-us","status":"publish","type":"page","link":"https:\/\/inlean.fi\/en\/contact-us\/","title":{"rendered":"Contact Us"},"content":{"rendered":"\t\t<div data-elementor-type=\"wp-page\" data-elementor-id=\"10663\" class=\"elementor elementor-10663 elementor-6653\" data-elementor-post-type=\"page\">\n\t\t\t\t<div class=\"elementor-element elementor-element-ddfb1cb e-flex e-con-boxed e-con e-parent\" data-id=\"ddfb1cb\" data-element_type=\"container\" data-e-type=\"container\" data-settings=\"{&quot;background_background&quot;:&quot;classic&quot;}\">\n\t\t\t\t\t<div class=\"e-con-inner\">\n\t\t<div class=\"elementor-element elementor-element-5572f93 e-flex e-con-boxed e-con e-child\" data-id=\"5572f93\" data-element_type=\"container\" data-e-type=\"container\">\n\t\t\t\t\t<div class=\"e-con-inner\">\n\t\t\t\t<div class=\"elementor-element elementor-element-3ea823f elementor-widget elementor-widget-heading\" data-id=\"3ea823f\" data-element_type=\"widget\" data-e-type=\"widget\" data-widget_type=\"heading.default\">\n\t\t\t\t<div class=\"elementor-widget-container\">\n\t\t\t\t\t<h1 class=\"elementor-heading-title elementor-size-default\">Contact Us<\/h1>\t\t\t\t<\/div>\n\t\t\t\t<\/div>\n\t\t\t\t<div class=\"elementor-element elementor-element-6961022 elementor-widget__width-initial elementor-widget elementor-widget-heading\" data-id=\"6961022\" data-element_type=\"widget\" data-e-type=\"widget\" data-widget_type=\"heading.default\">\n\t\t\t\t<div class=\"elementor-widget-container\">\n\t\t\t\t\t<h3 class=\"elementor-heading-title elementor-size-default\">Are You Looking for Tangible Results Quickly \u2013 more Sales, Leads, and Customers? We Create Measurable Growth and Help Businesses Succeed in the Digital Environment. <\/h3>\t\t\t\t<\/div>\n\t\t\t\t<\/div>\n\t\t\t\t\t<\/div>\n\t\t\t\t<\/div>\n\t\t\t\t<div class=\"elementor-element elementor-element-e3de42a elementor-widget elementor-widget-template\" data-id=\"e3de42a\" data-element_type=\"widget\" data-e-type=\"widget\" data-widget_type=\"template.default\">\n\t\t\t\t<div class=\"elementor-widget-container\">\n\t\t\t\t\t\t\t<div class=\"elementor-template\">\n\t\t\t\t\t<div data-elementor-type=\"container\" data-elementor-id=\"10952\" class=\"elementor elementor-10952 elementor-5653 elementor-5653\" data-elementor-post-type=\"elementor_library\">\n\t\t\t\t<div class=\"elementor-element elementor-element-25730c4 e-flex e-con-boxed e-con e-child\" data-id=\"25730c4\" data-element_type=\"container\" data-e-type=\"container\" data-settings=\"{&quot;position&quot;:&quot;absolute&quot;}\">\n\t\t\t\t\t<div class=\"e-con-inner\">\n\t\t\t\t<div class=\"elementor-element elementor-element-65fcd3d elementor-align-left elementor-widget elementor-widget-breadcrumbs\" data-id=\"65fcd3d\" data-element_type=\"widget\" data-e-type=\"widget\" data-widget_type=\"breadcrumbs.default\">\n\t\t\t\t<div class=\"elementor-widget-container\">\n\t\t\t\t\t<p id=\"breadcrumbs\"><span><span><a href=\"https:\/\/inlean.fi\/en\/\">Etusivu<\/a><\/span><\/span><\/p>\t\t\t\t<\/div>\n\t\t\t\t<\/div>\n\t\t\t\t\t<\/div>\n\t\t\t\t<\/div>\n\t\t\t\t<\/div>\n\t\t\t\t<\/div>\n\t\t\t\t\t\t<\/div>\n\t\t\t\t<\/div>\n\t\t\t\t\t<\/div>\n\t\t\t\t<\/div>\n\t\t<div class=\"elementor-element elementor-element-bf95959 e-flex e-con-boxed e-con e-parent\" data-id=\"bf95959\" data-element_type=\"container\" data-e-type=\"container\">\n\t\t\t\t\t<div class=\"e-con-inner\">\n\t\t<div class=\"elementor-element elementor-element-d03bd90 e-flex e-con-boxed e-con e-child\" data-id=\"d03bd90\" data-element_type=\"container\" data-e-type=\"container\">\n\t\t\t\t\t<div class=\"e-con-inner\">\n\t\t\t\t<div class=\"elementor-element elementor-element-da73f16 elementor-widget elementor-widget-heading\" data-id=\"da73f16\" data-element_type=\"widget\" data-e-type=\"widget\" data-widget_type=\"heading.default\">\n\t\t\t\t<div class=\"elementor-widget-container\">\n\t\t\t\t\t<h2 class=\"elementor-heading-title elementor-size-default\">Inlean Creative Oy<\/h2>\t\t\t\t<\/div>\n\t\t\t\t<\/div>\n\t\t\t\t<div class=\"elementor-element elementor-element-605c082 ingress elementor-widget elementor-widget-text-editor\" data-id=\"605c082\" data-element_type=\"widget\" data-e-type=\"widget\" data-widget_type=\"text-editor.default\">\n\t\t\t\t<div class=\"elementor-widget-container\">\n\t\t\t\t\t\t\t\t\t<p>Vapaudenkatu 8<br \/>15110 Lahti<br \/>Finland<\/p><p><a href=\"mailto:hello@inlean.fi\">hello@inlean.fi<\/a><\/p><p><a href=\"https:\/\/inlean.fi\/tiimi\/\">View our contact details<\/a><\/p>\t\t\t\t\t\t\t\t<\/div>\n\t\t\t\t<\/div>\n\t\t\t\t\t<\/div>\n\t\t\t\t<\/div>\n\t\t<div class=\"elementor-element elementor-element-8e68548 e-flex e-con-boxed e-con e-child\" data-id=\"8e68548\" data-element_type=\"container\" data-e-type=\"container\">\n\t\t\t\t\t<div class=\"e-con-inner\">\n\t\t\t\t<div class=\"elementor-element elementor-element-cc553ff elementor-widget elementor-widget-image\" data-id=\"cc553ff\" data-element_type=\"widget\" data-e-type=\"widget\" data-widget_type=\"image.default\">\n\t\t\t\t<div class=\"elementor-widget-container\">\n\t\t\t\t\t\t\t\t\t\t\t\t\t\t\t<img fetchpriority=\"high\" decoding=\"async\" width=\"792\" height=\"792\" src=\"https:\/\/inlean.fi\/wp-content\/uploads\/2024\/03\/inlean-grafiikka-002.png\" class=\"attachment-full size-full wp-image-10650\" alt=\"\" srcset=\"https:\/\/inlean.fi\/wp-content\/uploads\/2024\/03\/inlean-grafiikka-002.png 792w, https:\/\/inlean.fi\/wp-content\/uploads\/2024\/03\/inlean-grafiikka-002-300x300.png 300w, https:\/\/inlean.fi\/wp-content\/uploads\/2024\/03\/inlean-grafiikka-002-150x150.png 150w, https:\/\/inlean.fi\/wp-content\/uploads\/2024\/03\/inlean-grafiikka-002-768x768.png 768w\" sizes=\"(max-width: 792px) 100vw, 792px\" \/>\t\t\t\t\t\t\t\t\t\t\t\t\t\t\t<\/div>\n\t\t\t\t<\/div>\n\t\t\t\t\t<\/div>\n\t\t\t\t<\/div>\n\t\t\t\t\t<\/div>\n\t\t\t\t<\/div>\n\t\t<div class=\"elementor-element elementor-element-c9b21be e-flex e-con-boxed e-con e-parent\" data-id=\"c9b21be\" data-element_type=\"container\" data-e-type=\"container\">\n\t\t\t\t\t<div class=\"e-con-inner\">\n\t\t\t\t<div class=\"elementor-element elementor-element-09e1a01 elementor-widget elementor-widget-heading\" data-id=\"09e1a01\" data-element_type=\"widget\" data-e-type=\"widget\" data-widget_type=\"heading.default\">\n\t\t\t\t<div class=\"elementor-widget-container\">\n\t\t\t\t\t<h2 class=\"elementor-heading-title elementor-size-default\">Contact Us<\/h2>\t\t\t\t<\/div>\n\t\t\t\t<\/div>\n\t\t\t\t<div class=\"elementor-element elementor-element-9a5fa7b elementor-widget elementor-widget-formidable\" data-id=\"9a5fa7b\" data-element_type=\"widget\" data-e-type=\"widget\" data-widget_type=\"formidable.default\">\n\t\t\t\t<div class=\"elementor-widget-container\">\n\t\t\t\t\t<div class=\"frm_forms  with_frm_style frm_style_inlean\" id=\"frm_form_11_container\" data-token=\"53588f07a80d6360e51707c25b0b1a4f\">\n<form enctype=\"multipart\/form-data\" method=\"post\" class=\"frm-show-form  frm_pro_form \" id=\"form_ota-yhteytta-general\" data-token=\"53588f07a80d6360e51707c25b0b1a4f\">\n<div class=\"frm_form_fields \">\n<fieldset>\n<legend class=\"frm_screen_reader\">Contact us - general<\/legend>\r\n\r\n<div class=\"frm_fields_container\">\n<input type=\"hidden\" name=\"frm_action\" value=\"create\" \/>\n<input type=\"hidden\" name=\"form_id\" value=\"11\" \/>\n<input type=\"hidden\" name=\"frm_hide_fields_11\" id=\"frm_hide_fields_11\" value=\"\" \/>\n<input type=\"hidden\" name=\"form_key\" value=\"ota-yhteytta-general\" \/>\n<input type=\"hidden\" name=\"item_meta[0]\" value=\"\" \/>\n<input type=\"hidden\" id=\"frm_submit_entry_11\" name=\"frm_submit_entry_11\" value=\"3e92a3f23f\" \/><input type=\"hidden\" name=\"_wp_http_referer\" value=\"\/en\/wp-json\/wp\/v2\/pages\/10663\" \/><div id=\"frm_field_310_container\" class=\"frm_form_field form-field  frm_required_field frm_top_container vertical_radio\">\r\n    <div  id=\"field_u49z4_label\" class=\"frm_primary_label\">Subject\r\n        <span class=\"frm_required\" aria-hidden=\"true\">*<\/span>\r\n    <\/div>\r\n    <div class=\"frm_opt_container\" aria-labelledby=\"field_u49z4_label\" role=\"radiogroup\" aria-required=\"true\">\t\t<div class=\"frm_radio\" id=\"frm_radio_310-0\">\t\t\t<label  for=\"field_u49z4-0\">\n\t\t\t\t\t<input type=\"radio\" name=\"item_meta[310]\" id=\"field_u49z4-0\" value=\"Tarjouspyynt\u00f6\"\n\t\t data-reqmsg=\"Subject cannot be empty.\" data-invmsg=\"Subject is invalid\"   \/> Request for quotation<\/label><\/div>\n\t\t<div class=\"frm_radio\" id=\"frm_radio_310-1\">\t\t\t<label  for=\"field_u49z4-1\">\n\t\t\t\t\t<input type=\"radio\" name=\"item_meta[310]\" id=\"field_u49z4-1\" value=\"Muu aihe\"\n\t\t data-reqmsg=\"Subject cannot be empty.\" data-invmsg=\"Subject is invalid\"   \/> Other topic<\/label><\/div>\n<\/div>\r\n    \r\n    \r\n<\/div>\n<div id=\"frm_field_308_container\" class=\"frm_form_field form-field  frm_required_field frm_none_container frm_half\">\r\n    <label for=\"field_ice8n\" id=\"field_ice8n_label\" class=\"frm_primary_label\">Name\r\n        <span class=\"frm_required\" aria-hidden=\"true\">*<\/span>\r\n    <\/label>\r\n    <input  type=\"text\" id=\"field_ice8n\" name=\"item_meta[308]\" value=\"\"  placeholder=\"Nimi\" data-reqmsg=\"Name cannot be empty.\" aria-required=\"true\" data-invmsg=\"Name is invalid\" aria-invalid=\"false\"   \/>\r\n    \r\n    \r\n<\/div>\n<div id=\"frm_field_309_container\" class=\"frm_form_field form-field  frm_required_field frm_none_container frm_half\">\r\n    <label for=\"field_mztrq\" id=\"field_mztrq_label\" class=\"frm_primary_label\">Company\r\n        <span class=\"frm_required\" aria-hidden=\"true\">*<\/span>\r\n    <\/label>\r\n    <input  type=\"text\" id=\"field_mztrq\" name=\"item_meta[309]\" value=\"\"  placeholder=\"Yritys\" data-reqmsg=\"T\u00e4m\u00e4 kentt\u00e4 ei voi olla tyhj\u00e4\" aria-required=\"true\" data-invmsg=\"Company is invalid\" aria-invalid=\"false\"   \/>\r\n    \r\n    \r\n<\/div>\n<div id=\"frm_field_311_container\" class=\"frm_form_field form-field  frm_required_field frm_none_container frm_half\">\r\n    <label for=\"field_7ld9l\" id=\"field_7ld9l_label\" class=\"frm_primary_label\">Phone\r\n        <span class=\"frm_required\" aria-hidden=\"true\">*<\/span>\r\n    <\/label>\r\n    <input  type=\"text\" id=\"field_7ld9l\" name=\"item_meta[311]\" value=\"\"  placeholder=\"Puhelinnumero\" data-reqmsg=\"Phone cannot be empty.\" aria-required=\"true\" data-invmsg=\"Phone is invalid\" aria-invalid=\"false\"   \/>\r\n    \r\n    \r\n<\/div>\n<div id=\"frm_field_312_container\" class=\"frm_form_field form-field  frm_required_field frm_none_container frm_half\">\r\n    <label for=\"field_x5wq1\" id=\"field_x5wq1_label\" class=\"frm_primary_label\">Email\r\n        <span class=\"frm_required\" aria-hidden=\"true\">*<\/span>\r\n    <\/label>\r\n    <input  type=\"text\" id=\"field_x5wq1\" name=\"item_meta[312]\" value=\"\"  placeholder=\"S\u00e4hk\u00f6posti\" data-reqmsg=\"Email cannot be empty.\" aria-required=\"true\" data-invmsg=\"Email is invalid\" aria-invalid=\"false\"   \/>\r\n    \r\n    \r\n<\/div>\n<div id=\"frm_field_313_container\" class=\"frm_form_field form-field  frm_required_field frm_none_container\">\r\n    <label for=\"field_nv90o\" id=\"field_nv90o_label\" class=\"frm_primary_label\">Additional information\r\n        <span class=\"frm_required\" aria-hidden=\"true\">*<\/span>\r\n    <\/label>\r\n    <textarea name=\"item_meta[313]\" id=\"field_nv90o\" rows=\"4\"  placeholder=\"Lis\u00e4tietoja\" data-reqmsg=\"Additional information cannot be empty.\" aria-required=\"true\" data-invmsg=\"Additional information is invalid\" aria-invalid=\"false\"  ><\/textarea>\r\n    \r\n    \r\n<\/div>\n<div id=\"frm_field_314_container\" class=\"frm_form_field form-field  frm_none_container vertical_radio\">\n    <div  id=\"field_zo2pv_label\" class=\"frm_primary_label\">Newsletter\n        <span class=\"frm_required\" aria-hidden=\"true\"><\/span>\n    <\/div>\n    <div class=\"frm_opt_container\" aria-labelledby=\"field_zo2pv_label\" role=\"group\">\t\t<div class=\"frm_checkbox\" id=\"frm_checkbox_314-0\">\t\t\t<label  for=\"field_zo2pv-0\">\n\t\t\t<input type=\"checkbox\" name=\"item_meta[314][]\" id=\"field_zo2pv-0\" value=\"Hyv\u00e4ksyn, ett\u00e4 saan jatkossa s\u00e4hk\u00f6postiini aika ajoin lis\u00e4tietoja kasvumarkkinoinnin trendeist\u00e4, innostavista esimerkeist\u00e4, hyvist\u00e4 k\u00e4yt\u00e4nn\u00f6ist\u00e4 ja tulevista tapahtumista.\"  data-invmsg=\"Newsletter is invalid\"   \/> I agree to receive occasional emails with additional information about growth marketing trends, inspiring examples, best practices, and upcoming events.<\/label><\/div>\n<\/div>\n    \n    \n<\/div>\n<div id=\"frm_field_415_container\" class=\"frm_form_field form-field \">\n\t<div class=\"frm_submit frm_flex\">\r\n<button class=\"frm_button_submit frm_final_submit\" type=\"submit\"  >Submit<\/button>\r\n\r\n\r\n\r\n<\/div>\n<\/div>\n\t<input type=\"hidden\" name=\"item_key\" value=\"\" \/>\n\t\t\t<div id=\"frm_field_417_container\">\n\t\t\t<label for=\"field_1dbpd\" >\n\t\t\t\tIf you are human, leave this field blank.\t\t\t<\/label>\n\t\t\t<input  id=\"field_1dbpd\" type=\"text\" class=\"frm_form_field form-field frm_verify\" name=\"item_meta[417]\" value=\"\"  \/>\n\t\t<\/div>\n\t\t<input name=\"frm_state\" type=\"hidden\" value=\"kETl7EKp67bzbSNSkIhXV58Axl6ltZroCWvfR6bPGvxMASx2aqQBbXZn7FbnkMCe\" \/><\/div>\n<\/fieldset>\n<\/div>\n\n<\/form>\n<\/div>\n\t\t\t\t<\/div>\n\t\t\t\t<\/div>\n\t\t\t\t<div class=\"elementor-element elementor-element-a006d31 elementor-widget elementor-widget-text-editor\" data-id=\"a006d31\" data-element_type=\"widget\" data-e-type=\"widget\" data-widget_type=\"text-editor.default\">\n\t\t\t\t<div class=\"elementor-widget-container\">\n\t\t\t\t\t\t\t\t\t<p>By submitting the form, you provide us with your personal data, which we store and process in accordance with our privacy policy.<\/p>\t\t\t\t\t\t\t\t<\/div>\n\t\t\t\t<\/div>\n\t\t\t\t\t<\/div>\n\t\t\t\t<\/div>\n\t\t\t\t<\/div>\n\t\t","protected":false},"excerpt":{"rendered":"<p>Contact Us Are You Looking for Tangible Results Quickly \u2013 more Sales, Leads, and Customers? We Create Measurable Growth and Help Businesses Succeed in the Digital Environment. Inlean Creative Oy Vapaudenkatu 815110 LahtiFinland hello@inlean.fi View our contact details Contact Us Ota yhteytta &#8211; general Yhteydenoton aihe * Tarjouspyynt\u00f6 Muu aihe Nimi * Yritys * Puhelinnumero [&hellip;]<\/p>\n","protected":false},"author":1,"featured_media":0,"parent":0,"menu_order":0,"comment_status":"closed","ping_status":"closed","template":"","meta":{"inline_featured_image":false,"site-sidebar-layout":"no-sidebar","site-content-layout":"","ast-site-content-layout":"full-width-container","site-content-style":"default","site-sidebar-style":"default","ast-global-header-display":"","ast-banner-title-visibility":"","ast-main-header-display":"","ast-hfb-above-header-display":"","ast-hfb-below-header-display":"","ast-hfb-mobile-header-display":"","site-post-title":"disabled","ast-breadcrumbs-content":"","ast-featured-img":"disabled","footer-sml-layout":"","ast-disable-related-posts":"","theme-transparent-header-meta":"","adv-header-id-meta":"","stick-header-meta":"","header-above-stick-meta":"","header-main-stick-meta":"","header-below-stick-meta":"","astra-migrate-meta-layouts":"default","ast-page-background-enabled":"default","ast-page-background-meta":{"desktop":{"background-color":"var(--ast-global-color-4)","background-image":"","background-repeat":"repeat","background-position":"center center","background-size":"auto","background-attachment":"scroll","background-type":"","background-media":"","overlay-type":"","overlay-color":"","overlay-opacity":"","overlay-gradient":""},"tablet":{"background-color":"","background-image":"","background-repeat":"repeat","background-position":"center center","background-size":"auto","background-attachment":"scroll","background-type":"","background-media":"","overlay-type":"","overlay-color":"","overlay-opacity":"","overlay-gradient":""},"mobile":{"background-color":"","background-image":"","background-repeat":"repeat","background-position":"center center","background-size":"auto","background-attachment":"scroll","background-type":"","background-media":"","overlay-type":"","overlay-color":"","overlay-opacity":"","overlay-gradient":""}},"ast-content-background-meta":{"desktop":{"background-color":"var(--ast-global-color-5)","background-image":"","background-repeat":"repeat","background-position":"center center","background-size":"auto","background-attachment":"scroll","background-type":"","background-media":"","overlay-type":"","overlay-color":"","overlay-opacity":"","overlay-gradient":""},"tablet":{"background-color":"var(--ast-global-color-5)","background-image":"","background-repeat":"repeat","background-position":"center center","background-size":"auto","background-attachment":"scroll","background-type":"","background-media":"","overlay-type":"","overlay-color":"","overlay-opacity":"","overlay-gradient":""},"mobile":{"background-color":"var(--ast-global-color-5)","background-image":"","background-repeat":"repeat","background-position":"center center","background-size":"auto","background-attachment":"scroll","background-type":"","background-media":"","overlay-type":"","overlay-color":"","overlay-opacity":"","overlay-gradient":""}},"footnotes":""},"class_list":["post-10663","page","type-page","status-publish","hentry"],"yoast_head":"<!-- This site is optimized with the Yoast SEO Premium plugin v22.9 (Yoast SEO v27.6) - https:\/\/yoast.com\/product\/yoast-seo-premium-wordpress\/ -->\n<title>Contact Us - Inlean Creative<\/title>\n<meta name=\"description\" content=\"Contact us for expert assistance with digital marketing strategies. We offer solutions that support your company&#039;s growth.\" \/>\n<meta name=\"robots\" content=\"index, follow, max-snippet:-1, max-image-preview:large, max-video-preview:-1\" \/>\n<link rel=\"canonical\" href=\"https:\/\/inlean.fi\/en\/contact-us\/\" \/>\n<meta property=\"og:locale\" content=\"en_US\" \/>\n<meta property=\"og:type\" content=\"article\" \/>\n<meta property=\"og:title\" content=\"Contact Us\" \/>\n<meta property=\"og:description\" content=\"Contact us for expert assistance with digital marketing strategies. We offer solutions that support your company&#039;s growth.\" \/>\n<meta property=\"og:url\" content=\"https:\/\/inlean.fi\/en\/contact-us\/\" \/>\n<meta property=\"og:site_name\" content=\"Inlean Creative\" \/>\n<meta property=\"article:modified_time\" content=\"2025-08-29T13:17:29+00:00\" \/>\n<meta property=\"og:image\" content=\"https:\/\/inlean.fi\/wp-content\/uploads\/2024\/03\/inlean-grafiikka-002.png\" \/>\n\t<meta property=\"og:image:width\" content=\"792\" \/>\n\t<meta property=\"og:image:height\" content=\"792\" \/>\n\t<meta property=\"og:image:type\" content=\"image\/png\" \/>\n<meta name=\"twitter:card\" content=\"summary_large_image\" \/>\n<meta name=\"twitter:label1\" content=\"Est. reading time\" \/>\n\t<meta name=\"twitter:data1\" content=\"1 minute\" \/>\n<script type=\"application\/ld+json\" class=\"yoast-schema-graph\">{\"@context\":\"https:\\\/\\\/schema.org\",\"@graph\":[{\"@type\":\"WebPage\",\"@id\":\"https:\\\/\\\/inlean.fi\\\/en\\\/contact-us\\\/\",\"url\":\"https:\\\/\\\/inlean.fi\\\/en\\\/contact-us\\\/\",\"name\":\"Contact Us - Inlean Creative\",\"isPartOf\":{\"@id\":\"https:\\\/\\\/inlean.fi\\\/en\\\/#website\"},\"primaryImageOfPage\":{\"@id\":\"https:\\\/\\\/inlean.fi\\\/en\\\/contact-us\\\/#primaryimage\"},\"image\":{\"@id\":\"https:\\\/\\\/inlean.fi\\\/en\\\/contact-us\\\/#primaryimage\"},\"thumbnailUrl\":\"https:\\\/\\\/inlean.fi\\\/wp-content\\\/uploads\\\/2024\\\/03\\\/inlean-grafiikka-002.png\",\"datePublished\":\"2024-03-06T05:52:17+00:00\",\"dateModified\":\"2025-08-29T13:17:29+00:00\",\"description\":\"Contact us for expert assistance with digital marketing strategies. We offer solutions that support your company's growth.\",\"breadcrumb\":{\"@id\":\"https:\\\/\\\/inlean.fi\\\/en\\\/contact-us\\\/#breadcrumb\"},\"inLanguage\":\"en-US\",\"potentialAction\":[{\"@type\":\"ReadAction\",\"target\":[\"https:\\\/\\\/inlean.fi\\\/en\\\/contact-us\\\/\"]}]},{\"@type\":\"ImageObject\",\"inLanguage\":\"en-US\",\"@id\":\"https:\\\/\\\/inlean.fi\\\/en\\\/contact-us\\\/#primaryimage\",\"url\":\"https:\\\/\\\/inlean.fi\\\/wp-content\\\/uploads\\\/2024\\\/03\\\/inlean-grafiikka-002.png\",\"contentUrl\":\"https:\\\/\\\/inlean.fi\\\/wp-content\\\/uploads\\\/2024\\\/03\\\/inlean-grafiikka-002.png\"},{\"@type\":\"BreadcrumbList\",\"@id\":\"https:\\\/\\\/inlean.fi\\\/en\\\/contact-us\\\/#breadcrumb\",\"itemListElement\":[{\"@type\":\"ListItem\",\"position\":1,\"name\":\"Etusivu\",\"item\":\"https:\\\/\\\/inlean.fi\\\/en\\\/\"},{\"@type\":\"ListItem\",\"position\":2,\"name\":\"Contact Us\"}]},{\"@type\":\"WebSite\",\"@id\":\"https:\\\/\\\/inlean.fi\\\/en\\\/#website\",\"url\":\"https:\\\/\\\/inlean.fi\\\/en\\\/\",\"name\":\"Inlean Creative Oy\",\"description\":\"\",\"publisher\":{\"@id\":\"https:\\\/\\\/inlean.fi\\\/en\\\/#organization\"},\"alternateName\":\"Inlean Creative\",\"potentialAction\":[{\"@type\":\"SearchAction\",\"target\":{\"@type\":\"EntryPoint\",\"urlTemplate\":\"https:\\\/\\\/inlean.fi\\\/en\\\/?s={search_term_string}\"},\"query-input\":{\"@type\":\"PropertyValueSpecification\",\"valueRequired\":true,\"valueName\":\"search_term_string\"}}],\"inLanguage\":\"en-US\"},{\"@type\":\"Organization\",\"@id\":\"https:\\\/\\\/inlean.fi\\\/en\\\/#organization\",\"name\":\"Inlean Creative Oy\",\"url\":\"https:\\\/\\\/inlean.fi\\\/en\\\/\",\"logo\":{\"@type\":\"ImageObject\",\"inLanguage\":\"en-US\",\"@id\":\"https:\\\/\\\/inlean.fi\\\/en\\\/#\\\/schema\\\/logo\\\/image\\\/\",\"url\":\"https:\\\/\\\/inlean.fi\\\/wp-content\\\/uploads\\\/2024\\\/03\\\/cropped-480x480px-ilman-nimea-png.png\",\"contentUrl\":\"https:\\\/\\\/inlean.fi\\\/wp-content\\\/uploads\\\/2024\\\/03\\\/cropped-480x480px-ilman-nimea-png.png\",\"width\":512,\"height\":512,\"caption\":\"Inlean Creative Oy\"},\"image\":{\"@id\":\"https:\\\/\\\/inlean.fi\\\/en\\\/#\\\/schema\\\/logo\\\/image\\\/\"},\"description\":\"Inlean Creativelta saat apuusi kokeneen digimarkkinointitiimin, joka ymm\u00e4rt\u00e4\u00e4 markkinointiteknologian, myynti\u00e4 edist\u00e4v\u00e4n markkinoinnin logiikan sek\u00e4 digitaalisen markkinoinnin ratkaisut.\",\"email\":\"hello@inlean.fi\",\"legalName\":\"Inlean Creative Oy\"}]}<\/script>\n<!-- \/ Yoast SEO Premium plugin. -->","yoast_head_json":{"title":"Contact Us - Inlean Creative","description":"Contact us for expert assistance with digital marketing strategies. We offer solutions that support your company's growth.","robots":{"index":"index","follow":"follow","max-snippet":"max-snippet:-1","max-image-preview":"max-image-preview:large","max-video-preview":"max-video-preview:-1"},"canonical":"https:\/\/inlean.fi\/en\/contact-us\/","og_locale":"en_US","og_type":"article","og_title":"Contact Us","og_description":"Contact us for expert assistance with digital marketing strategies. We offer solutions that support your company's growth.","og_url":"https:\/\/inlean.fi\/en\/contact-us\/","og_site_name":"Inlean Creative","article_modified_time":"2025-08-29T13:17:29+00:00","og_image":[{"width":792,"height":792,"url":"https:\/\/inlean.fi\/wp-content\/uploads\/2024\/03\/inlean-grafiikka-002.png","type":"image\/png"}],"twitter_card":"summary_large_image","twitter_misc":{"Est. reading time":"1 minute"},"schema":{"@context":"https:\/\/schema.org","@graph":[{"@type":"WebPage","@id":"https:\/\/inlean.fi\/en\/contact-us\/","url":"https:\/\/inlean.fi\/en\/contact-us\/","name":"Contact Us - Inlean Creative","isPartOf":{"@id":"https:\/\/inlean.fi\/en\/#website"},"primaryImageOfPage":{"@id":"https:\/\/inlean.fi\/en\/contact-us\/#primaryimage"},"image":{"@id":"https:\/\/inlean.fi\/en\/contact-us\/#primaryimage"},"thumbnailUrl":"https:\/\/inlean.fi\/wp-content\/uploads\/2024\/03\/inlean-grafiikka-002.png","datePublished":"2024-03-06T05:52:17+00:00","dateModified":"2025-08-29T13:17:29+00:00","description":"Contact us for expert assistance with digital marketing strategies. We offer solutions that support your company's growth.","breadcrumb":{"@id":"https:\/\/inlean.fi\/en\/contact-us\/#breadcrumb"},"inLanguage":"en-US","potentialAction":[{"@type":"ReadAction","target":["https:\/\/inlean.fi\/en\/contact-us\/"]}]},{"@type":"ImageObject","inLanguage":"en-US","@id":"https:\/\/inlean.fi\/en\/contact-us\/#primaryimage","url":"https:\/\/inlean.fi\/wp-content\/uploads\/2024\/03\/inlean-grafiikka-002.png","contentUrl":"https:\/\/inlean.fi\/wp-content\/uploads\/2024\/03\/inlean-grafiikka-002.png"},{"@type":"BreadcrumbList","@id":"https:\/\/inlean.fi\/en\/contact-us\/#breadcrumb","itemListElement":[{"@type":"ListItem","position":1,"name":"Etusivu","item":"https:\/\/inlean.fi\/en\/"},{"@type":"ListItem","position":2,"name":"Contact Us"}]},{"@type":"WebSite","@id":"https:\/\/inlean.fi\/en\/#website","url":"https:\/\/inlean.fi\/en\/","name":"Inlean Creative Oy","description":"","publisher":{"@id":"https:\/\/inlean.fi\/en\/#organization"},"alternateName":"Inlean Creative","potentialAction":[{"@type":"SearchAction","target":{"@type":"EntryPoint","urlTemplate":"https:\/\/inlean.fi\/en\/?s={search_term_string}"},"query-input":{"@type":"PropertyValueSpecification","valueRequired":true,"valueName":"search_term_string"}}],"inLanguage":"en-US"},{"@type":"Organization","@id":"https:\/\/inlean.fi\/en\/#organization","name":"Inlean Creative Oy","url":"https:\/\/inlean.fi\/en\/","logo":{"@type":"ImageObject","inLanguage":"en-US","@id":"https:\/\/inlean.fi\/en\/#\/schema\/logo\/image\/","url":"https:\/\/inlean.fi\/wp-content\/uploads\/2024\/03\/cropped-480x480px-ilman-nimea-png.png","contentUrl":"https:\/\/inlean.fi\/wp-content\/uploads\/2024\/03\/cropped-480x480px-ilman-nimea-png.png","width":512,"height":512,"caption":"Inlean Creative Oy"},"image":{"@id":"https:\/\/inlean.fi\/en\/#\/schema\/logo\/image\/"},"description":"Inlean Creativelta saat apuusi kokeneen digimarkkinointitiimin, joka ymm\u00e4rt\u00e4\u00e4 markkinointiteknologian, myynti\u00e4 edist\u00e4v\u00e4n markkinoinnin logiikan sek\u00e4 digitaalisen markkinoinnin ratkaisut.","email":"hello@inlean.fi","legalName":"Inlean Creative Oy"}]}},"_links":{"self":[{"href":"https:\/\/inlean.fi\/en\/wp-json\/wp\/v2\/pages\/10663","targetHints":{"allow":["GET"]}}],"collection":[{"href":"https:\/\/inlean.fi\/en\/wp-json\/wp\/v2\/pages"}],"about":[{"href":"https:\/\/inlean.fi\/en\/wp-json\/wp\/v2\/types\/page"}],"author":[{"embeddable":true,"href":"https:\/\/inlean.fi\/en\/wp-json\/wp\/v2\/users\/1"}],"replies":[{"embeddable":true,"href":"https:\/\/inlean.fi\/en\/wp-json\/wp\/v2\/comments?post=10663"}],"version-history":[{"count":5,"href":"https:\/\/inlean.fi\/en\/wp-json\/wp\/v2\/pages\/10663\/revisions"}],"predecessor-version":[{"id":11061,"href":"https:\/\/inlean.fi\/en\/wp-json\/wp\/v2\/pages\/10663\/revisions\/11061"}],"wp:attachment":[{"href":"https:\/\/inlean.fi\/en\/wp-json\/wp\/v2\/media?parent=10663"}],"curies":[{"name":"wp","href":"https:\/\/api.w.org\/{rel}","templated":true}]}}